{"id":839,"date":"2019-03-26T14:06:42","date_gmt":"2019-03-26T13:06:42","guid":{"rendered":"http:\/\/www.saicadisplay.com\/green-policy\/"},"modified":"2026-03-20T13:53:53","modified_gmt":"2026-03-20T12:53:53","slug":"gruene-politik","status":"publish","type":"page","link":"https:\/\/www.saicadisplay.com\/de\/gruene-politik\/","title":{"rendered":"Gr\u00fcne Politik"},"content":{"rendered":"<div id=\"pl-839\"  class=\"panel-layout\" ><div id=\"pg-839-0\"  class=\"panel-grid panel-no-style\" ><div id=\"pgc-839-0-0\"  class=\"panel-grid-cell\" ><div id=\"panel-839-0-0-0\" class=\"so-panel widget widget_sow-image panel-first-child panel-last-child\" data-index=\"0\" ><div\n\t\t\t\n\t\t\tclass=\"so-widget-sow-image so-widget-sow-image-default-e4c2d9f6c920-839\"\n\t\t\t\n\t\t>\n\n<div class=\"sow-image-container\">\n\t\t<img src=\"https:\/\/www.saicadisplay.com\/wp-content\/uploads\/2019\/04\/green-policy-saica.png\" width=\"933\" height=\"750\" srcset=\"https:\/\/www.saicadisplay.com\/wp-content\/uploads\/2019\/04\/green-policy-saica.png 933w, https:\/\/www.saicadisplay.com\/wp-content\/uploads\/2019\/04\/green-policy-saica-300x241.png 300w, https:\/\/www.saicadisplay.com\/wp-content\/uploads\/2019\/04\/green-policy-saica-768x617.png 768w\" sizes=\"(max-width: 933px) 100vw, 933px\" alt=\"\" loading=\"lazy\" \t\tclass=\"so-widget-image\"\/>\n\t<\/div>\n\n<\/div><\/div><\/div><div id=\"pgc-839-0-1\"  class=\"panel-grid-cell\" ><div id=\"panel-839-0-1-0\" class=\"so-panel widget widget_sow-editor panel-first-child panel-last-child\" data-index=\"1\" ><div\n\t\t\t\n\t\t\tclass=\"so-widget-sow-editor so-widget-sow-editor-base\"\n\t\t\t\n\t\t><h3 class=\"widget-title\">Ein Blick in die Zukunft<\/h3>\n<div class=\"siteorigin-widget-tinymce textwidget\">\n\t<ul class=\"greenpolicy\">\n<li class=\"fsc\">Maximierung der Leistungen der nat\u00fcrlichen Ressourcen<\/li>\n<li class=\"bio\">Wiederverwertung der beim Produktionsverfahren anfallenden Abfallmaterialien und Wiedereinf\u00fchrung in den Produktionszyklus<\/li>\n<li class=\"ecolic\">Photovoltaikanlage<\/li>\n<li class=\"bar\">Digitale, Offset- und Flexo-Tinten auf Wasserbasis f\u00fcr den Lebensmittelgebrauch<\/li>\n<li class=\"grasspaper\">Herstellung von umweltschonenden Materialien (Graspapier)<\/li>\n<li class=\"recycle\">Herstellung von 100% recycelbaren Materialien.<\/li>\n<\/ul>\n<\/div>\n<\/div><\/div><\/div><\/div><\/div>","protected":false},"excerpt":{"rendered":"<p>Maximierung der Leistungen der nat\u00fcrlichen Ressourcen Wiederverwertung der beim Produktionsverfahren anfallenden Abfallmaterialien und Wiedereinf\u00fchrung in den Produktionszyklus Photovoltaikanlage Digitale, Offset- und Flexo-Tinten auf Wasserbasis f\u00fcr den Lebensmittelgebrauch Herstellung von umweltschonenden Materialien (Graspapier) Herstellung von 100% recycelbaren Materialien.<\/p>\n","protected":false},"author":1,"featured_media":0,"parent":0,"menu_order":0,"comment_status":"closed","ping_status":"closed","template":"","meta":[],"_links":{"self":[{"href":"https:\/\/www.saicadisplay.com\/de\/wp-json\/wp\/v2\/pages\/839"}],"collection":[{"href":"https:\/\/www.saicadisplay.com\/de\/wp-json\/wp\/v2\/pages"}],"about":[{"href":"https:\/\/www.saicadisplay.com\/de\/wp-json\/wp\/v2\/types\/page"}],"author":[{"embeddable":true,"href":"https:\/\/www.saicadisplay.com\/de\/wp-json\/wp\/v2\/users\/1"}],"replies":[{"embeddable":true,"href":"https:\/\/www.saicadisplay.com\/de\/wp-json\/wp\/v2\/comments?post=839"}],"version-history":[{"count":5,"href":"https:\/\/www.saicadisplay.com\/de\/wp-json\/wp\/v2\/pages\/839\/revisions"}],"predecessor-version":[{"id":2528,"href":"https:\/\/www.saicadisplay.com\/de\/wp-json\/wp\/v2\/pages\/839\/revisions\/2528"}],"wp:attachment":[{"href":"https:\/\/www.saicadisplay.com\/de\/wp-json\/wp\/v2\/media?parent=839"}],"curies":[{"name":"wp","href":"https:\/\/api.w.org\/{rel}","templated":true}]}}