{"id":547,"date":"2019-03-12T09:27:26","date_gmt":"2019-03-12T08:27:26","guid":{"rendered":"http:\/\/www.saicadisplay.com\/about\/"},"modified":"2026-04-09T13:38:20","modified_gmt":"2026-04-09T11:38:20","slug":"about","status":"publish","type":"page","link":"https:\/\/www.saicadisplay.com\/es\/about\/","title":{"rendered":"Saica Display"},"content":{"rendered":"<div id=\"pl-547\"  class=\"panel-layout\" ><div id=\"pg-547-0\"  class=\"panel-grid panel-no-style\" ><div id=\"pgc-547-0-0\"  class=\"panel-grid-cell\" ><div id=\"panel-547-0-0-0\" class=\"so-panel widget widget_sow-editor panel-first-child panel-last-child\" data-index=\"0\" ><div\n\t\t\t\n\t\t\tclass=\"so-widget-sow-editor so-widget-sow-editor-base\"\n\t\t\t\n\t\t>\n<div class=\"siteorigin-widget-tinymce textwidget\">\n\t<p>Conocido como socio a nivel global y local para soluciones de Packaging, POP y Visual Merchandising.<\/p>\n<p>Desde hace m\u00e1s de 60 a\u00f1os, nos comprometemos a maximizar la imagen de marca de nuestros clientes y a\u00f1adir valor a sus productos para crear mayor rentabilidad a sus negocios.<\/p>\n<\/div>\n<\/div><\/div><\/div><\/div><div id=\"pg-547-1\"  class=\"panel-grid panel-no-style\" ><div id=\"pgc-547-1-0\"  class=\"panel-grid-cell\" ><div id=\"panel-547-1-0-0\" class=\"so-panel widget widget_sow-editor panel-first-child panel-last-child\" data-index=\"1\" ><div\n\t\t\t\n\t\t\tclass=\"so-widget-sow-editor so-widget-sow-editor-base\"\n\t\t\t\n\t\t><h3 class=\"widget-title\">N\u00fameros<\/h3>\n<div class=\"siteorigin-widget-tinymce textwidget\">\n\t<p><strong>138,13 millones de m2<\/strong><br \/>\nde cart\u00f3n ondulado producido y transformado en el \u00faltimo a\u00f1o<\/p>\n<p><strong>4200<\/strong><br \/>\nnuevos proyectos desarrollados, producidos y entregados en 2025<\/p>\n<p><strong>450<\/strong><br \/>\nClientes activos de los cuales 250 desde hace m\u00e1s de 10 a\u00f1os.<\/p>\n<\/div>\n<\/div><\/div><\/div><div id=\"pgc-547-1-1\"  class=\"panel-grid-cell\" ><div id=\"panel-547-1-1-0\" class=\"so-panel widget widget_sow-editor panel-first-child panel-last-child\" data-index=\"2\" ><div\n\t\t\t\n\t\t\tclass=\"so-widget-sow-editor so-widget-sow-editor-base\"\n\t\t\t\n\t\t><h3 class=\"widget-title\">Inversiones <\/h3>\n<div class=\"siteorigin-widget-tinymce textwidget\">\n\t<ul>\n<li><strong>6000<\/strong> m2 de pegado, montaje y relleno<\/li>\n<li>En <strong>2018<\/strong> Impresi\u00f3n Digital HP C500: tintas base agua aptas para el contacto con alimentos<\/li>\n<li>En <strong>2019<\/strong> Almac\u00e9n autom\u00e1tico autoportante: 4 transelevadores para una capacidad de 16.000 palets (80x120 y 100x120)<\/li>\n<li>En <strong>2021<\/strong>, la impresi\u00f3n digital se mejora con la preimpresi\u00f3n HP T1190<\/li>\n<\/ul>\n<\/div>\n<\/div><\/div><\/div><\/div><div id=\"pg-547-2\"  class=\"panel-grid panel-no-style\" ><div id=\"pgc-547-2-0\"  class=\"panel-grid-cell\" ><div id=\"panel-547-2-0-0\" class=\"so-panel widget widget_sow-image panel-first-child panel-last-child\" data-index=\"3\" ><div\n\t\t\t\n\t\t\tclass=\"so-widget-sow-image so-widget-sow-image-default-c67d20f9f743-547\"\n\t\t\t\n\t\t>\n\n<div class=\"sow-image-container\">\n\t\t<img src=\"https:\/\/www.saicadisplay.com\/wp-content\/uploads\/2019\/04\/saica-display-2.jpg\" width=\"542\" height=\"378\" srcset=\"https:\/\/www.saicadisplay.com\/wp-content\/uploads\/2019\/04\/saica-display-2.jpg 542w, https:\/\/www.saicadisplay.com\/wp-content\/uploads\/2019\/04\/saica-display-2-300x209.jpg 300w\" sizes=\"(max-width: 542px) 100vw, 542px\" alt=\"\" loading=\"lazy\" \t\tclass=\"so-widget-image\"\/>\n\t<\/div>\n\n<\/div><\/div><\/div><div id=\"pgc-547-2-1\"  class=\"panel-grid-cell\" ><div id=\"panel-547-2-1-0\" class=\"so-panel widget widget_sow-editor panel-first-child panel-last-child\" data-index=\"4\" ><div\n\t\t\t\n\t\t\tclass=\"so-widget-sow-editor so-widget-sow-editor-base\"\n\t\t\t\n\t\t><h3 class=\"widget-title\">Certificaciones<\/h3>\n<div class=\"siteorigin-widget-tinymce textwidget\">\n\t<ul>\n<li><strong>UNI EN ISO 9001: 2015 <\/strong><br \/>\nQuality Management Systems<\/li>\n<li><strong>UNI EN ISO 22000: 2018 <\/strong><br \/>\nFood Safety Management Systems<\/li>\n<li><strong>UNI EN ISO 50001:2018 <\/strong><br \/>\nEnergy Management Systems<\/li>\n<li><strong>FSC<\/strong><br \/>\nChain of Custody Management Systems<\/li>\n<\/ul>\n<\/div>\n<\/div><\/div><\/div><\/div><\/div>","protected":false},"excerpt":{"rendered":"<p>Conocido como socio a nivel global y local para soluciones de Packaging, POP y Visual Merchandising. Desde hace m\u00e1s de 60 a\u00f1os, nos comprometemos a maximizar la imagen de marca de nuestros clientes y a\u00f1adir valor a sus productos para crear mayor rentabilidad a sus negocios. 138,13 millones de m2 de cart\u00f3n ondulado producido y [&hellip;]<\/p>\n","protected":false},"author":1,"featured_media":0,"parent":0,"menu_order":0,"comment_status":"closed","ping_status":"closed","template":"","meta":[],"_links":{"self":[{"href":"https:\/\/www.saicadisplay.com\/es\/wp-json\/wp\/v2\/pages\/547"}],"collection":[{"href":"https:\/\/www.saicadisplay.com\/es\/wp-json\/wp\/v2\/pages"}],"about":[{"href":"https:\/\/www.saicadisplay.com\/es\/wp-json\/wp\/v2\/types\/page"}],"author":[{"embeddable":true,"href":"https:\/\/www.saicadisplay.com\/es\/wp-json\/wp\/v2\/users\/1"}],"replies":[{"embeddable":true,"href":"https:\/\/www.saicadisplay.com\/es\/wp-json\/wp\/v2\/comments?post=547"}],"version-history":[{"count":17,"href":"https:\/\/www.saicadisplay.com\/es\/wp-json\/wp\/v2\/pages\/547\/revisions"}],"predecessor-version":[{"id":2561,"href":"https:\/\/www.saicadisplay.com\/es\/wp-json\/wp\/v2\/pages\/547\/revisions\/2561"}],"wp:attachment":[{"href":"https:\/\/www.saicadisplay.com\/es\/wp-json\/wp\/v2\/media?parent=547"}],"curies":[{"name":"wp","href":"https:\/\/api.w.org\/{rel}","templated":true}]}}